{"id":418,"date":"2020-07-13T11:44:27","date_gmt":"2020-07-13T14:44:27","guid":{"rendered":"http:\/\/mdfachini.com.br\/novo\/?page_id=418"},"modified":"2020-08-24T08:42:38","modified_gmt":"2020-08-24T11:42:38","slug":"noticias","status":"publish","type":"page","link":"http:\/\/mdfachini.com.br\/novo\/?page_id=418","title":{"rendered":"NOT\u00cdCIAS"},"content":{"rendered":"<p><img loading=\"lazy\" class=\"wp-image-421 size-medium alignleft\" src=\"http:\/\/mdfachini.com.br\/novo\/wp-content\/uploads\/2020\/07\/md-fachini-300x300.jpg\" alt=\"\" width=\"300\" height=\"300\" srcset=\"http:\/\/mdfachini.com.br\/novo\/wp-content\/uploads\/2020\/07\/md-fachini-300x300.jpg 300w, http:\/\/mdfachini.com.br\/novo\/wp-content\/uploads\/2020\/07\/md-fachini-150x150.jpg 150w, http:\/\/mdfachini.com.br\/novo\/wp-content\/uploads\/2020\/07\/md-fachini-768x768.jpg 768w, http:\/\/mdfachini.com.br\/novo\/wp-content\/uploads\/2020\/07\/md-fachini-1024x1024.jpg 1024w, http:\/\/mdfachini.com.br\/novo\/wp-content\/uploads\/2020\/07\/md-fachini-400x400.jpg 400w, http:\/\/mdfachini.com.br\/novo\/wp-content\/uploads\/2020\/07\/md-fachini-500x500.jpg 500w\" sizes=\"(max-width: 300px) 100vw, 300px\" \/><\/p>\n<p>&nbsp;<\/p>\n<p>&nbsp;<\/p>\n<p>Afinal, depois que tudo passar \u00e9 momento de renovar!<br \/>\n__<br \/>\nMD Fachini<br \/>\n(51) 3493.6156<br \/>\nAvenida Pl\u00e1cido Mottin 385 &#8211; sala 5, Viam\u00e3o<\/p>\n<p>&nbsp;<\/p>\n<p>&nbsp;<\/p>\n<p>&nbsp;<\/p>\n<p><img loading=\"lazy\" class=\"alignleft size-medium wp-image-425\" src=\"http:\/\/mdfachini.com.br\/novo\/wp-content\/uploads\/2020\/07\/md-fachini-1-300x300.jpg\" alt=\"\" width=\"300\" height=\"300\" srcset=\"http:\/\/mdfachini.com.br\/novo\/wp-content\/uploads\/2020\/07\/md-fachini-1-300x300.jpg 300w, http:\/\/mdfachini.com.br\/novo\/wp-content\/uploads\/2020\/07\/md-fachini-1-150x150.jpg 150w, http:\/\/mdfachini.com.br\/novo\/wp-content\/uploads\/2020\/07\/md-fachini-1-768x768.jpg 768w, http:\/\/mdfachini.com.br\/novo\/wp-content\/uploads\/2020\/07\/md-fachini-1-400x400.jpg 400w, http:\/\/mdfachini.com.br\/novo\/wp-content\/uploads\/2020\/07\/md-fachini-1-500x500.jpg 500w, http:\/\/mdfachini.com.br\/novo\/wp-content\/uploads\/2020\/07\/md-fachini-1.jpg 960w\" sizes=\"(max-width: 300px) 100vw, 300px\" \/><\/p>\n<p>&nbsp;<\/p>\n<p>&nbsp;<\/p>\n<p>Nos chamem no whats que enviamos mais fotos ou v\u00eddeos para voc\u00ea conhecer nossos apartamentos &gt;&gt; 99192173<br \/>\n__<br \/>\nMD Fachini<br \/>\n(51) 3493.6156<br \/>\nAvenida Pl\u00e1cido Mottin 385 &#8211; sala 5, Viam\u00e3o<\/p>\n<p>&nbsp;<\/p>\n<p>&nbsp;<\/p>\n<p>&nbsp;<\/p>\n<p><img loading=\"lazy\" class=\"alignleft size-medium wp-image-429\" src=\"http:\/\/mdfachini.com.br\/novo\/wp-content\/uploads\/2020\/07\/md-fachini-2-300x300.jpg\" alt=\"\" width=\"300\" height=\"300\" srcset=\"http:\/\/mdfachini.com.br\/novo\/wp-content\/uploads\/2020\/07\/md-fachini-2-300x300.jpg 300w, http:\/\/mdfachini.com.br\/novo\/wp-content\/uploads\/2020\/07\/md-fachini-2-150x150.jpg 150w, http:\/\/mdfachini.com.br\/novo\/wp-content\/uploads\/2020\/07\/md-fachini-2-768x768.jpg 768w, http:\/\/mdfachini.com.br\/novo\/wp-content\/uploads\/2020\/07\/md-fachini-2-400x400.jpg 400w, http:\/\/mdfachini.com.br\/novo\/wp-content\/uploads\/2020\/07\/md-fachini-2-500x500.jpg 500w, http:\/\/mdfachini.com.br\/novo\/wp-content\/uploads\/2020\/07\/md-fachini-2.jpg 960w\" sizes=\"(max-width: 300px) 100vw, 300px\" \/><\/p>\n<p>&nbsp;<\/p>\n<p>&nbsp;<\/p>\n<p>J\u00e1 adiantamos para voc\u00ea que aos APs t\u00eam dois dormit\u00f3rio, sacada e churrasqueira.<br \/>\n__<\/p>\n<p>MD Fachini<br \/>\n(51) 3493.6156<br \/>\nAvenida Pl\u00e1cido Mottin 385 &#8211; sala 5, Viam\u00e3o<\/p>\n<p>&nbsp;<\/p>\n<p>&nbsp;<\/p>\n<p>&nbsp;<\/p>\n<p><img loading=\"lazy\" class=\"alignleft size-medium wp-image-434\" src=\"http:\/\/mdfachini.com.br\/novo\/wp-content\/uploads\/2020\/07\/md-fachini-3-300x300.jpg\" alt=\"\" width=\"300\" height=\"300\" srcset=\"http:\/\/mdfachini.com.br\/novo\/wp-content\/uploads\/2020\/07\/md-fachini-3-300x300.jpg 300w, http:\/\/mdfachini.com.br\/novo\/wp-content\/uploads\/2020\/07\/md-fachini-3-150x150.jpg 150w, http:\/\/mdfachini.com.br\/novo\/wp-content\/uploads\/2020\/07\/md-fachini-3-768x768.jpg 768w, http:\/\/mdfachini.com.br\/novo\/wp-content\/uploads\/2020\/07\/md-fachini-3-1024x1024.jpg 1024w, http:\/\/mdfachini.com.br\/novo\/wp-content\/uploads\/2020\/07\/md-fachini-3-400x400.jpg 400w, http:\/\/mdfachini.com.br\/novo\/wp-content\/uploads\/2020\/07\/md-fachini-3-500x500.jpg 500w\" sizes=\"(max-width: 300px) 100vw, 300px\" \/><\/p>\n<p>&nbsp;<\/p>\n<p>Preven\u00e7\u00e3o e sensibilidade em primeiro lugar. Por isso, estaremos atendendo via telefone.<br \/>\nQualquer d\u00favidas e informa\u00e7\u00f5es, entre em contato no (51) 3493.6156<br \/>\n#TodosContraOV\u00edrus<br \/>\n__<br \/>\nMD Fachini<br \/>\n(51) 3493.6156<br \/>\nAvenida Pl\u00e1cido Mottin 385 &#8211; sala 5, Viam\u00e3o<\/p>\n<p>&nbsp;<\/p>\n<p>&nbsp;<\/p>\n<p>&nbsp;<\/p>\n<p><img loading=\"lazy\" class=\"alignleft size-medium wp-image-438\" src=\"http:\/\/mdfachini.com.br\/novo\/wp-content\/uploads\/2020\/07\/md-fachini-4-300x300.jpg\" alt=\"\" width=\"300\" height=\"300\" srcset=\"http:\/\/mdfachini.com.br\/novo\/wp-content\/uploads\/2020\/07\/md-fachini-4-300x300.jpg 300w, http:\/\/mdfachini.com.br\/novo\/wp-content\/uploads\/2020\/07\/md-fachini-4-150x150.jpg 150w, http:\/\/mdfachini.com.br\/novo\/wp-content\/uploads\/2020\/07\/md-fachini-4-768x768.jpg 768w, http:\/\/mdfachini.com.br\/novo\/wp-content\/uploads\/2020\/07\/md-fachini-4-400x400.jpg 400w, http:\/\/mdfachini.com.br\/novo\/wp-content\/uploads\/2020\/07\/md-fachini-4-500x500.jpg 500w, http:\/\/mdfachini.com.br\/novo\/wp-content\/uploads\/2020\/07\/md-fachini-4.jpg 960w\" sizes=\"(max-width: 300px) 100vw, 300px\" \/><\/p>\n<p>&nbsp;<\/p>\n<p>Pre\u00e7o especial de R$ 180.000,00. Oportunidade perfeita para sair do aluguel<br \/>\n__<br \/>\nMD Fachini<br \/>\n(51) 3493.6156<br \/>\nAvenida Pl\u00e1cido Mottin 385 &#8211; sala 5, Viam\u00e3o<\/p>\n<p>&nbsp;<\/p>\n","protected":false},"excerpt":{"rendered":"<p>&nbsp; &nbsp; Afinal, depois que tudo passar \u00e9 momento de renovar! __ MD Fachini (51) 3493.6156 Avenida Pl\u00e1cido Mottin 385 &#8211; sala 5, Viam\u00e3o &nbsp; &nbsp; &nbsp; &nbsp; &nbsp; Nos chamem no whats que enviamos mais fotos ou v\u00eddeos para voc\u00ea conhecer nossos apartamentos &gt;&gt; 99192173 __ MD Fachini (51) 3493.6156 Avenida Pl\u00e1cido Mottin 385 [&hellip;]<\/p>\n","protected":false},"author":2,"featured_media":0,"parent":0,"menu_order":0,"comment_status":"closed","ping_status":"closed","template":"","meta":[],"_links":{"self":[{"href":"http:\/\/mdfachini.com.br\/novo\/index.php?rest_route=\/wp\/v2\/pages\/418"}],"collection":[{"href":"http:\/\/mdfachini.com.br\/novo\/index.php?rest_route=\/wp\/v2\/pages"}],"about":[{"href":"http:\/\/mdfachini.com.br\/novo\/index.php?rest_route=\/wp\/v2\/types\/page"}],"author":[{"embeddable":true,"href":"http:\/\/mdfachini.com.br\/novo\/index.php?rest_route=\/wp\/v2\/users\/2"}],"replies":[{"embeddable":true,"href":"http:\/\/mdfachini.com.br\/novo\/index.php?rest_route=%2Fwp%2Fv2%2Fcomments&post=418"}],"version-history":[{"count":11,"href":"http:\/\/mdfachini.com.br\/novo\/index.php?rest_route=\/wp\/v2\/pages\/418\/revisions"}],"predecessor-version":[{"id":439,"href":"http:\/\/mdfachini.com.br\/novo\/index.php?rest_route=\/wp\/v2\/pages\/418\/revisions\/439"}],"wp:attachment":[{"href":"http:\/\/mdfachini.com.br\/novo\/index.php?rest_route=%2Fwp%2Fv2%2Fmedia&parent=418"}],"curies":[{"name":"wp","href":"https:\/\/api.w.org\/{rel}","templated":true}]}}