{"id":34,"date":"2016-08-29T13:56:53","date_gmt":"2016-08-29T16:56:53","guid":{"rendered":"http:\/\/mdfachini.com.br\/novo\/?page_id=34"},"modified":"2016-08-29T14:06:56","modified_gmt":"2016-08-29T17:06:56","slug":"missao","status":"publish","type":"page","link":"http:\/\/mdfachini.com.br\/novo\/?page_id=34","title":{"rendered":"MISS\u00c3O"},"content":{"rendered":"<p>A MD Fachini construtora e incorporadora tem como o seu principal objetivo criar empreendimentos com uma\u00a0arquitetura moderna, tornando-se assim uma construtora de qualidade e reconhecida.<\/p>\n<p>Estamos trabalhando para trazer a sua cidade um novo conceito em moradias com um padr\u00e3o de conforto e beleza.<\/p>\n<p>Levando assim uma empresa com:<\/p>\n<ul>\n<li>Respeito &#8211; Valorizamos voc\u00ea cliente<\/li>\n<li>Dire\u00e7\u00e3o &#8211; Temos clareza e foco nos nossos objetivos<\/li>\n<li>Transpar\u00eancia &#8211; Conduta que transmite confian\u00e7a<\/li>\n<li>\u00c9tica &#8211; Postura nos nossos neg\u00f3cios<\/li>\n<\/ul>\n","protected":false},"excerpt":{"rendered":"<p>A MD Fachini construtora e incorporadora tem como o seu principal objetivo criar empreendimentos com uma\u00a0arquitetura moderna, tornando-se assim uma construtora de qualidade e reconhecida. Estamos trabalhando para trazer a sua cidade um novo conceito em moradias com um padr\u00e3o de conforto e beleza. Levando assim uma empresa com: Respeito &#8211; Valorizamos voc\u00ea cliente Dire\u00e7\u00e3o [&hellip;]<\/p>\n","protected":false},"author":1,"featured_media":41,"parent":0,"menu_order":0,"comment_status":"closed","ping_status":"closed","template":"","meta":[],"_links":{"self":[{"href":"http:\/\/mdfachini.com.br\/novo\/index.php?rest_route=\/wp\/v2\/pages\/34"}],"collection":[{"href":"http:\/\/mdfachini.com.br\/novo\/index.php?rest_route=\/wp\/v2\/pages"}],"about":[{"href":"http:\/\/mdfachini.com.br\/novo\/index.php?rest_route=\/wp\/v2\/types\/page"}],"author":[{"embeddable":true,"href":"http:\/\/mdfachini.com.br\/novo\/index.php?rest_route=\/wp\/v2\/users\/1"}],"replies":[{"embeddable":true,"href":"http:\/\/mdfachini.com.br\/novo\/index.php?rest_route=%2Fwp%2Fv2%2Fcomments&post=34"}],"version-history":[{"count":3,"href":"http:\/\/mdfachini.com.br\/novo\/index.php?rest_route=\/wp\/v2\/pages\/34\/revisions"}],"predecessor-version":[{"id":40,"href":"http:\/\/mdfachini.com.br\/novo\/index.php?rest_route=\/wp\/v2\/pages\/34\/revisions\/40"}],"wp:featuredmedia":[{"embeddable":true,"href":"http:\/\/mdfachini.com.br\/novo\/index.php?rest_route=\/wp\/v2\/media\/41"}],"wp:attachment":[{"href":"http:\/\/mdfachini.com.br\/novo\/index.php?rest_route=%2Fwp%2Fv2%2Fmedia&parent=34"}],"curies":[{"name":"wp","href":"https:\/\/api.w.org\/{rel}","templated":true}]}}