{"id":27,"date":"2016-08-29T13:36:46","date_gmt":"2016-08-29T16:36:46","guid":{"rendered":"http:\/\/mdfachini.com.br\/novo\/?page_id=27"},"modified":"2016-08-29T13:42:23","modified_gmt":"2016-08-29T16:42:23","slug":"valores","status":"publish","type":"page","link":"http:\/\/mdfachini.com.br\/novo\/?page_id=27","title":{"rendered":"VALORES"},"content":{"rendered":"<p>Estamos trabalhando com cria\u00e7\u00e3o de projetos sustent\u00e1veis, ou seja, procuramos trabalhar de uma forma que leva a\u00a0considera\u00e7\u00f5es t\u00e9cnicas e mat\u00e9rias que n\u00e3o prejudiquem a natureza, pensando assim no meio ambiente, no seu conforto e bem estar da sua fam\u00edlia.<\/p>\n","protected":false},"excerpt":{"rendered":"<p>Estamos trabalhando com cria\u00e7\u00e3o de projetos sustent\u00e1veis, ou seja, procuramos trabalhar de uma forma que leva a\u00a0considera\u00e7\u00f5es t\u00e9cnicas e mat\u00e9rias que n\u00e3o prejudiquem a natureza, pensando assim no meio ambiente, no seu conforto e bem estar da sua fam\u00edlia.<\/p>\n","protected":false},"author":1,"featured_media":0,"parent":0,"menu_order":0,"comment_status":"closed","ping_status":"closed","template":"","meta":[],"_links":{"self":[{"href":"http:\/\/mdfachini.com.br\/novo\/index.php?rest_route=\/wp\/v2\/pages\/27"}],"collection":[{"href":"http:\/\/mdfachini.com.br\/novo\/index.php?rest_route=\/wp\/v2\/pages"}],"about":[{"href":"http:\/\/mdfachini.com.br\/novo\/index.php?rest_route=\/wp\/v2\/types\/page"}],"author":[{"embeddable":true,"href":"http:\/\/mdfachini.com.br\/novo\/index.php?rest_route=\/wp\/v2\/users\/1"}],"replies":[{"embeddable":true,"href":"http:\/\/mdfachini.com.br\/novo\/index.php?rest_route=%2Fwp%2Fv2%2Fcomments&post=27"}],"version-history":[{"count":5,"href":"http:\/\/mdfachini.com.br\/novo\/index.php?rest_route=\/wp\/v2\/pages\/27\/revisions"}],"predecessor-version":[{"id":33,"href":"http:\/\/mdfachini.com.br\/novo\/index.php?rest_route=\/wp\/v2\/pages\/27\/revisions\/33"}],"wp:attachment":[{"href":"http:\/\/mdfachini.com.br\/novo\/index.php?rest_route=%2Fwp%2Fv2%2Fmedia&parent=27"}],"curies":[{"name":"wp","href":"https:\/\/api.w.org\/{rel}","templated":true}]}}