{"id":22,"date":"2016-08-29T13:30:44","date_gmt":"2016-08-29T16:30:44","guid":{"rendered":"http:\/\/mdfachini.com.br\/novo\/?page_id=22"},"modified":"2020-10-19T14:31:58","modified_gmt":"2020-10-19T17:31:58","slug":"visao","status":"publish","type":"page","link":"http:\/\/mdfachini.com.br\/novo\/?page_id=22","title":{"rendered":"VIS\u00c3O"},"content":{"rendered":"<p>Somos uma construtora e incorporadora na qual procura estar trazendo empreendimentos com amplo conforto e seguran\u00e7a a sua cidade.<\/p>\n<p>Ao adquirir um im\u00f3vel da MD Fachini, voc\u00ea esta adquirindo tranquilidade, lazer e seguran\u00e7a. Procuramos ter uma vis\u00e3o na qual entenda e atenda as necessidades de nossos clientes.<\/p>\n<p>Em nossas obras usamos produtos de primeira linha, pois assim adquirimos mais seguran\u00e7a e durabilidade em nossas constru\u00e7\u00f5es.<\/p>\n<p>Propormos aos nossos clientes o m\u00e1ximo da satisfa\u00e7\u00e3o. A nossa preocupa\u00e7\u00e3o vai desde o terreno escolhido para criar nossos empreendimentos ao bairro, proporcionando assim conforto e seguran\u00e7a.<\/p>\n<p>Focar em nossos objetivos trazendo assim uma \u201cqualidade total\u201d.<\/p>\n<p>Quem sabe n\u00e3o \u00e9 a hora de voc\u00ea encontrar o seu pr\u00f3prio Im\u00f3vel? Venha e confira os nossos!<\/p>\n","protected":false},"excerpt":{"rendered":"<p>Somos uma construtora e incorporadora na qual procura estar trazendo empreendimentos com amplo conforto e seguran\u00e7a a sua cidade. Ao adquirir um im\u00f3vel da MD Fachini, voc\u00ea esta adquirindo tranquilidade, lazer e seguran\u00e7a. Procuramos ter uma vis\u00e3o na qual entenda e atenda as necessidades de nossos clientes. Em nossas obras usamos produtos de primeira linha, [&hellip;]<\/p>\n","protected":false},"author":1,"featured_media":0,"parent":0,"menu_order":0,"comment_status":"closed","ping_status":"closed","template":"","meta":[],"_links":{"self":[{"href":"http:\/\/mdfachini.com.br\/novo\/index.php?rest_route=\/wp\/v2\/pages\/22"}],"collection":[{"href":"http:\/\/mdfachini.com.br\/novo\/index.php?rest_route=\/wp\/v2\/pages"}],"about":[{"href":"http:\/\/mdfachini.com.br\/novo\/index.php?rest_route=\/wp\/v2\/types\/page"}],"author":[{"embeddable":true,"href":"http:\/\/mdfachini.com.br\/novo\/index.php?rest_route=\/wp\/v2\/users\/1"}],"replies":[{"embeddable":true,"href":"http:\/\/mdfachini.com.br\/novo\/index.php?rest_route=%2Fwp%2Fv2%2Fcomments&post=22"}],"version-history":[{"count":3,"href":"http:\/\/mdfachini.com.br\/novo\/index.php?rest_route=\/wp\/v2\/pages\/22\/revisions"}],"predecessor-version":[{"id":441,"href":"http:\/\/mdfachini.com.br\/novo\/index.php?rest_route=\/wp\/v2\/pages\/22\/revisions\/441"}],"wp:attachment":[{"href":"http:\/\/mdfachini.com.br\/novo\/index.php?rest_route=%2Fwp%2Fv2%2Fmedia&parent=22"}],"curies":[{"name":"wp","href":"https:\/\/api.w.org\/{rel}","templated":true}]}}